{"id":976,"date":"2020-02-18T13:13:41","date_gmt":"2020-02-18T13:13:41","guid":{"rendered":"https:\/\/www.drcn2021.polimi.it\/?page_id=976"},"modified":"2021-04-21T07:33:38","modified_gmt":"2021-04-21T07:33:38","slug":"detailed-program","status":"publish","type":"page","link":"https:\/\/www.drcn2021.polimi.it\/de\/program\/detailed-program\/","title":{"rendered":"Detailed Program"},"content":{"rendered":"\n<p>All times CEST (Central European Summer Time)<\/p>\n\n\n\n<style type=\"text\/css\">\n.tg  {border-collapse:collapse;border-spacing:0;}\n.tg td{font-family:Arial, sans-serif;font-size:14px;padding:10px 5px;border-style:solid;border-width:1px;overflow:hidden;word-break:normal;border-color:black;}\n.tg th{font-family:Arial, sans-serif;font-size:14px;font-weight:normal;padding:10px 5px;border-style:solid;border-width:1px;overflow:hidden;word-break:normal;border-color:black;}\n.tg .tg-45yy{background-color:#CCCCFF;color:#000000;border-color:#ffffff;text-align:center;vertical-align:middle}\n.tg .tg-27a6{background-color:#efefef;color:#000000;border-color:#ffffff;text-align:center;vertical-align:middle}\n.tg .tg-d3jq{background-color:#fe996b;color:#000000;border-color:#ffffff;text-align:center;vertical-align:middle}\n.tg .tg-akkn{font-weight:bold;background-color:#00009b;color:#ffffff;border-color:#ffffff;text-align:center;vertical-align:middle}\n.tg .tg-9m8a{background-color:#38fff8;color:#000000;border-color:#ffffff;text-align:center;vertical-align:middle}\n.tg .tg-jjiy{background-color:#9b9b9b;color:#000000;border-color:#ffffff;text-align:center;vertical-align:middle}\n.tg .tg-q5gd{background-color:#32cb00;color:#000000;border-color:#ffffff;text-align:center;vertical-align:middle}\n.tg .tg-hzzl{background-color:#f8ff00;color:#000000;border-color:#ffffff;text-align:center;vertical-align:middle}\n.tg .tg-tkf4{background-color:#ffcc67;color:#000000;border-color:#ffffff;text-align:center;vertical-align:middle}\n.tg .tg-g8gk{background-color:#F4B084;color:#000000;border-color:#ffffff;text-align:center;vertical-align:middle}\n.tg .tg-k8yr{background-color:#f8a102;color:#000000;border-color:#ffffff;text-align:center;vertical-align:middle}\n.tg .tg-k8yw{background-color:#00b0f0;color:#000000;border-color:#ffffff;text-align:center;vertical-align:middle}\n.tg .tg-k8ya{background-color:#C6E0B4;color:#000000;border-color:#ffffff;text-align:center;vertical-align:middle}\n.tg .tg-k8yb{background-color:#66ff66;color:#000000;border-color:#ffffff;text-align:center;vertical-align:middle}\n<\/style>\n<table class=\"tg\" style=\"undefined;table-layout: fixed; width: 800px\">\n<colgroup>\n<col style=\"width: 130px\">\n<col style=\"width: 137px\">\n<col style=\"width: 190px\">\n<col style=\"width: 190px\">\n<col style=\"width: 153px\">\n<\/colgroup>\n  <tr>\n    <th class=\"tg-akkn\">Time\/Day<\/th>\n    <th class=\"tg-akkn\">Monday, April 19<\/th>\n    <th class=\"tg-akkn\">Tuesday, April 20<\/th>\n    <th class=\"tg-akkn\">Wednesday, April 21<\/th>\n    <th class=\"tg-akkn\">Thursday, April 22<\/th>\n  <\/tr>\n  <tr>\n    <td class=\"tg-jjiy\">8:30 &#8211; 9:00<\/td>\n    <td class=\"tg-27a6\"> <\/td>\n    <td class=\"tg-27a6\"> <\/td>\n    <td class=\"tg-tkf4\" rowspan=\"2\"> <a href=\"https:\/\/www.drcn2021.polimi.it\/program\/keynotes\/\" target=\"_blank\" rel=\"noopener\"> Keynote 2: NTT\u2019s Challenge toward Self-evolving Zero-Touch Network operation with AI<\/td>\n    <td class=\"tg-27a6\"> <\/td>\n  <\/tr>\n  <tr>\n    <td class=\"tg-27a6\">9:00 &#8211; 9:15<\/td>\n    <td class=\"tg-27a6\"> <\/td>\n    <td class=\"tg-27a6\"> <\/td>\n    <td class=\"tg-hzzl\" rowspan=\"6\"><a href=\"https:\/\/www.drcn2021.polimi.it\/program\/workshops\/workshop-2\/\" target=\"_blank\" rel=\"noopener\">Workshop 2 (WIE): The road towards a more diverse post-covid era: challenges and opportunities<\/td>\n  <\/tr>\n  <tr>\n    <td class=\"tg-jjiy\">9:15 &#8211; 9:30<\/td>\n    <td class=\"tg-27a6\"> <\/td>\n    <td class=\"tg-27a6\"> <\/td>\n    <td class=\"tg-q5gd\" rowspan=\"3\"><a href=#session4>Session 4: 5G<\/td>\n  <\/tr>\n  <tr>\n    <td class=\"tg-27a6\">9:30 &#8211; 10:25<\/td>\n    <td class=\"tg-g8gk\" rowspan=\"4\"> <a href=\"https:\/\/www.drcn2021.polimi.it\/program\/tutorials\/\" target=\"_blank\" rel=\"noopener\"> Tutorial 1: Reliable Resource Allocation for Network Function Virtualization<\/td>\n    <td class=\"tg-27a6\"> <\/td>\n  <\/tr>\n  <tr>\n    <td class=\"tg-jjiy\">10:25 &#8211; 10:30<\/td>\n    <td class=\"tg-k8yw\" rowspan=\"2\">Welcome ceremony<\/td>\n  <\/tr>\n  <tr>\n    <td class=\"tg-27a6\">10:30 \u2011 10:45<\/td>\n\t<td class=\"tg-45yy\">Coffee break<\/td>\n  <\/tr>\n  <tr>\n    <td class=\"tg-jjiy\">10:45 \u2011 11:00<\/td>\n    <td class=\"tg-q5gd\" rowspan=\"4\"><a href=#session1>Session 1: Resilience modeling and algorithms<\/td>\n    <td class=\"tg-k8yr\" rowspan=\"5\"><a href=\"https:\/\/www.drcn2021.polimi.it\/program\/industrial-panel\/\" target=\"_blank\" rel=\"noopener\">Industrial panel<\/td>\n  <\/tr>\n  <tr>\n    <td class=\"tg-27a6\">11:00 \u2011 11:20<\/td>\n    <td class=\"tg-45yy\" rowspan=\"2\">Coffee break<\/td>\n    <td class=\"tg-45yy\">Coffee break<\/td>\n  <\/tr>\n  <tr>\n    <td class=\"tg-jjiy\">11:20 \u2011 11:30<\/td>\n    <td class=\"tg-k8yb\" rowspan=\"4\"><a href=#session6>Session 6: Demos<\/td>\n  <\/tr>\n  <tr>\n    <td class=\"tg-27a6\">11:30 \u2011 12:00<\/td>\n    <td class=\"tg-g8gk\" rowspan=\"3\"> <a href=\"https:\/\/www.drcn2021.polimi.it\/program\/tutorials\/\" target=\"_blank\" rel=\"noopener\"> Tutorial 2: Security, Privacy and Resilience in the Internet of Health Things<\/td>\n  <\/tr>\n  <tr>\n    <td class=\"tg-jjiy\">12:00 \u2011 12:30<\/td>\n    <td class=\"tg-45yy\" rowspan=\"3\">Lunch<\/td>\n  <\/tr>\n  <tr>\n    <td class=\"tg-27a6\">12:30 \u2011 13:00<\/td>\n\t<td class=\"tg-45yy\" rowspan=\"3\">Lunch<\/td>\n  <\/tr>\n  <tr>\n    <td class=\"tg-jjiy\">13:00 \u2011 13:30<\/td>\n    <td class=\"tg-45yy\" rowspan=\"3\">Lunch<\/td>\n    <td class=\"tg-45yy\" rowspan=\"3\">Lunch<\/td>\n  <\/tr>\n  <tr>\n    <td class=\"tg-27a6\">13:30 \u2011 13:45<\/td>\n    <td class=\"tg-tkf4\" rowspan=\"3\"> <a href=\"https:\/\/www.drcn2021.polimi.it\/program\/keynotes\/\" target=\"_blank\" rel=\"noopener\"> Keynote 1: Energy Efficiency Everywhere: Cloud, Fog, Virtualisation, RAN and IoT<\/td>\n  <\/tr>\n  <tr>\n    <td class=\"tg-jjiy\">13:45 \u2011 14:00<\/td>\n    <td class=\"tg-tkf4\" rowspan=\"3\"> <a href=\"https:\/\/www.drcn2021.polimi.it\/program\/keynotes\/\" target=\"_blank\" rel=\"noopener\"> Keynote 3: The Janus Bifrons and the Matryoshka: Radio Access Network Architecture for 5G<\/td>\n  <\/tr>\n  <tr>\n    <td class=\"tg-27a6\">14:00 \u2011 14:15<\/td>\n    <td class=\"tg-hzzl\" rowspan=\"6\"><a href=\"https:\/\/www.drcn2021.polimi.it\/program\/workshops\/workshop-1\/\" target=\"_blank\" rel=\"noopener\">Workshop 1: Future is now: will virtualization meet next generation enterprise network\u2019s needs?<\/td>\n    <td class=\"tg-hzzl\" rowspan=\"8\"><a href=\"https:\/\/www.drcn2021.polimi.it\/program\/workshops\/workshop-3\/\" target=\"_blank\" rel=\"noopener\">Workshop 3: Beyond SDN. Programmable data plane: Abstractions, Architectures and Applications<\/td>\n  <\/tr>\n  <tr>\n    <td class=\"tg-jjiy\">14:15 \u2011 14:30<\/td>\n    <td class=\"tg-q5gd\" rowspan=\"2\"><a href=#session2> Session 2: Software Defined Networking<\/td>\n  <\/tr>\n  <tr>\n    <td class=\"tg-27a6\">14:30 \u2011 15:30<\/td>\n    <td class=\"tg-q5gd\" rowspan=\"2\"><a href=#session5> Session 5: Wireless networks and security<\/td>\n\n  <\/tr>\n  <tr>\n    <td class=\"tg-jjiy\">15:30 \u2011 15:45<\/td>\n    <td class=\"tg-45yy\" rowspan=\"2\">Coffee break<\/td>\n  <\/tr>\n  <tr>\n    <td class=\"tg-27a6\">15:45 \u2011 16:00<\/td>\n\t<td class=\"tg-45yy\" rowspan=\"1\">Coffee break<\/td>\n  <\/tr>\n  <tr>\n    <td class=\"tg-jjiy\">16:00 \u2011 17:00<\/td>\n    <td class=\"tg-q5gd\" rowspan=\"2\"><a href=#session3> Session 3: Optical networks and telemetry<\/td>\n    <td class=\"tg-k8ya\" rowspan=\"5\"><a href=#gathersession> Gather.town session and virtual vist to BONSAI Lab of Politecnico di Milano &#8211; DEIB<\/td>\n  <\/tr>\n  <tr>\n    <td class=\"tg-27a6\">17:00 \u2011 17:15<\/td>\n    <td class=\"tg-27a6\"><\/td>\n  <\/tr>\n  <tr>\n    <td class=\"tg-jjiy\">17:15 \u2011 17:30<\/td>\n    <td class=\"tg-27a6\"><\/td>\n    <td class=\"tg-27a6\"><\/td>\n  <\/tr>\n  <tr>\n    <td class=\"tg-27a6\">17:30 \u2011 18:00<\/td>\n    <td class=\"tg-27a6\"><\/td>\n    <td class=\"tg-27a6\"><\/td>\n    <td class=\"tg-k8yw\" rowspan=\"1\">Closing ceremony<\/td>\n  <\/tr>\n  <tr>\n    <td class=\"tg-jjiy\">18:00 \u2011 19:00<\/td>\n    <td class=\"tg-27a6\"><\/td>\n    <td class=\"tg-27a6\"><\/td>\n    <td class=\"tg-27a6\"><\/td>\n  <\/tr>\n<\/table>\n\n\n\n<hr class=\"wp-block-separator\"\/>\n\n\n\n<h4>Monday, April 19 9:30 &#8211; 11:00<\/h4><div><\/div>\n\n\n\n<h5><a href=\"https:\/\/www.drcn2021.polimi.it\/program\/tutorials\/\">Tutorial 1 <\/a> <\/h5>\n\n\n\n<p><strong>Chair<\/strong>: Massimo Tornatore<\/p>\n\n\n\n<p><strong><strong><em>Reliable Resource Allocation for Network Function Virtualization<\/em><\/strong><\/strong><br>Eiji Oki, Kyoto University, Japan<\/p>\n\n\n\n<h4>Monday, April 19 11:30 &#8211; 13:00<\/h4><div><\/div>\n\n\n\n<h5><a href=\"https:\/\/www.drcn2021.polimi.it\/program\/tutorials\/\">Tutorial 2 <\/a><\/h5>\n\n\n\n<p><strong>Chair<\/strong>: Prosper Chemouil<\/p>\n\n\n\n<p><strong><strong><em>Security, Privacy and Resilience in the Internet of Health Things<\/em><\/strong><\/strong><br>Michele Nogueira, Federal University of Minas Gerais (UFMG), Brazil<\/p>\n\n\n\n<h4>Monday, April 19 14:00 &#8211; 17:00<\/h4><div><\/div>\n\n\n\n<h5><a href=\"https:\/\/www.drcn2021.polimi.it\/program\/workshops\/workshop-1\/\">Workshop 1 <\/a> <\/h5>\n\n\n\n<p><strong><em>Future is now: will virtualization meet next generation enterprise network\u2019s needs?<\/em><\/strong><\/p>\n\n\n\n<hr class=\"wp-block-separator\"\/>\n\n\n\n<h4>Tuesday, April 20 10:25 &#8211; 10:45 <\/h4><div><\/div>\n\n\n\n<h5>Welcome ceremony <\/h5>\n\n\n\n<p><strong>Opening address by the DRCN 2021 General Chairs and the DRCN Steering Committee Chair<\/strong><br>Guido Maier (Politecnico di Milano, Italy), Prosper Chemouil (Cnam, France)&nbsp;<\/p>\n\n\n\n<p><strong>Message from the Department Chair&nbsp;<\/strong><br>Stefano Tubaro (Politecnico di Milano, Italy)&nbsp;<\/p>\n\n\n\n<p><strong>Opening address by the TPC Chairs&nbsp;<\/strong><br>Francesco Musumeci (Politecnico di Milano, Italy)&nbsp;<\/p>\n\n\n\n<h4>Tuesday, April 20 10:45 &#8211; 12:00<\/h4> <div id=\"session1\"><\/div>\n\n\n\n<h5> Session 1: Resilience modeling and algorithms <\/h5>\n\n\n\n<p><strong>Chair<\/strong>: Sebastian Troia<\/p>\n\n\n\n<p><strong><strong><em>10:45<\/em><\/strong><\/strong> <strong><em>Satellite Laser Communication Assisted P-cycle Protection Against SRLG Failures in WDM Optical Networks<\/em><\/strong><br>Hong Wang, Xin Li and Shanguo Huang (Beijing University of Posts and Telecommunications, China)<\/p>\n\n\n\n<p><strong><strong><em>11:03<\/em><\/strong><\/strong> <strong><em>Load Balancing Model under Multiple Failures with Workload-Dependent Failure Probability<\/em><\/strong><br>Mengfei Zhu, Fujun He and Eiji Oki (Kyoto University, Japan) <\/p>\n\n\n\n<p><strong><strong><em>11:22<\/em><\/strong><\/strong> <strong><em>Robust Optimization for Probabilistic Protection with Primary and Backup Allocations under Uncertain Demands<\/em><\/strong><br>Mitsuki Ito, Fujun He and Eiji Oki (Kyoto University, Japan)<\/p>\n\n\n\n<p><strong><strong><em><strong><em>11:41<\/em><\/strong><\/em><\/strong><\/strong> <strong><em><strong><em>WLEACH-CK: Weighted K-Means Based LEACH-C Algorithm for Cluster Head Selection&nbsp;&nbsp;<\/em><\/strong><\/em><\/strong><br>Ruibin Chen, Yachen Zhang, Yichen Fei and Pushpendu Kar (University of Nottingham Ningbo China, China)<\/p>\n\n\n\n<h4>Tuesday, April 20 13:30 &#8211; 14:15<\/h4>\n\n\n\n<h5><a href=\"https:\/\/www.drcn2021.polimi.it\/program\/keynotes\/\">Main-conference Keynote 1 <\/a> <\/h5>\n\n\n\n<p><strong>Chair<\/strong>: Achille Pattavina<\/p>\n\n\n\n<p><strong><strong><em>Energy Efficiency Everywhere: Cloud, Fog, Virtualisation, RAN and IoT<\/em><\/strong><\/strong><br>Jaafar Elmirghani, University of Leeds, United Kingdom<\/p>\n\n\n\n<h4>Tuesday, April 20 14:15 &#8211; 15:30<\/h4><div id=\"session2\"><\/div>\n\n\n\n<h5>Session 2: Software Defined Networking  <\/h5>\n\n\n\n<p><strong>Chair<\/strong>: Giacomo Verticale<\/p>\n\n\n\n<p><strong><strong><em>14:15<\/em><\/strong><\/strong> <strong><em>Improved Routing in Networks through Load Prediction Strategy<\/em><\/strong><br>Ron Posti and Michael Segal (Ben-Gurion University of the Negev, Israel) <\/p>\n\n\n\n<p><strong><strong><em>14:33<\/em><\/strong><\/strong> <strong><em>Failure Simulation in Software-Defined Networks with Differential Link Availability<\/em><\/strong><br>Paulo Melo (Univ Coimbra, CeBER and INESC Coimbra, Faculty of Economics, Coimbra, Portugal); Luisa Jorge (Research Centre in Digitalization and Intelligent Robotics (CeDRI) , IPB, Bragan\u00e7a, Portugal and INESC Coimbra); Teresa Gomes (University of Coimbra, INESC Coimbra, Department of Electrical and Computer Engineering, Coimbra, Portugal)<\/p>\n\n\n\n<p><strong><strong><em>14:52<\/em><\/strong><\/strong> <strong><em>Constrained Policy Optimization for Load Balancing<\/em><\/strong><br>Yassine Kamri, Tran Anh Quang Pham and Nicolas Huin (Huawei Technologies, France); Jeremie Leguay (Huawei Technologies, France Research Center, France)<\/p>\n\n\n\n<p><strong><strong><em>15:11<\/em><\/strong><\/strong> <strong><em>Compositional model checking of an SDN platform<\/em><\/strong><br>Abdul Majith Noordheen (University of Rennes 1 &amp; Inria, Rennes, France); Ocan Sankur (CNRS Researcher, Irisa, France); Herv\u00e9 Marchand (Inria, Rennes, France); Dinh Thai Bui (Nokia, France)<\/p>\n\n\n\n<h4>Tuesday, April 20 16:00 &#8211; 17:15<\/h4><div id=\"session3\"><\/div>\n\n\n\n<h5>Session 3: Optical networks and telemetry <\/h5>\n\n\n\n<p><strong>Chair<\/strong>: Massimo Tornatore<\/p>\n\n\n\n<p><strong><em>16:00 DRAMA: Disaster Management Algorithm with Mitigation Awareness for Elastic Optical Networks<\/em><\/strong><br>Rujia Zou (George Washington University &amp; School of Engineering &amp; Applied Science, USA); Hiroshi Hasegawa (Nagoya University, Japan); Suresh Subramaniam (George Washington University, USA) <\/p>\n\n\n\n<p><strong><em>16:18 Scalable multi-objective optimization of reliable latency-constrained optical transport networks<\/em><\/strong><br>Nicola Di Cicco, Valentina Cacchiani and Carla Raffaelli (University of Bologna, Italy)<\/p>\n\n\n\n<p><strong><em>16:37 On the Comparative Efficiency of Next-Generation Coherent Interfaces for Survivable Network Design<\/em><\/strong><br>Ant\u00f3nio Eira (Infinera Portugal, Portugal); Joao Pedro (Infinera Unipessoal Lda &amp; Instituto de Telecomunica\u00e7\u00f5es, Portugal)<\/p>\n\n\n\n<p><strong><em>16:56 Efficient Network Monitoring via In-band Telemetry<\/em><\/strong><br>Goksel Simsek (Middle East Technical University, Turkey); Do\u011fanalp Ergen\u00e7 (University Hamburg, Germany); Ertan Onur (Middle East Technical University, Turkey &amp; Stony Brook University, USA)<\/p>\n\n\n\n<hr class=\"wp-block-separator\"\/>\n\n\n\n<h4>Wednesday, April 21 8:30 &#8211; 9:15<\/h4>\n\n\n\n<h5><a href=\"https:\/\/www.drcn2021.polimi.it\/program\/keynotes\/\">Main-conference Keynote 2 <\/a> <\/h5>\n\n\n\n<p><strong>Chair<\/strong>: Francesco Musumeci<\/p>\n\n\n\n<p><strong><strong><em>NTT\u2019s Challenge toward Self-evolving Zero-Touch Network operation with AI<\/em><\/strong><\/strong><br>Masakatsu Fujiwara, NTT Network Technology Laboratories, Japan<\/p>\n\n\n\n<h4>Wednesday, April 21 9:15 &#8211; 10:30<\/h4><div id=\"session4\"><\/div>\n\n\n\n<h5>Session 4: 5G <\/h5>\n\n\n\n<p><strong>Chair<\/strong>: Francesco Musumeci<\/p>\n\n\n\n<p><strong><em>9:15 UAV Surveillance Optimization for Networks in Disaster-Stricken Areas<\/em><\/strong><br>Hiroki Ikeuchi (NTT Corporation, Japan); Hiroshi Saito (University of Tokyo &amp; Mathematics and Informatics Center, Japan); Kotaro Matsuda (NTT, Japan)<\/p>\n\n\n\n<p><strong><em>9:33 DNN based Multi-Faults Localization for 5G Coexisting Radio and Optical Wireless Networks<\/em><\/strong><br>Jingjie Xin and Xin Li (Beijing University of Posts and Telecommunications, China); Yongjun Zhang (Beijing University of Posts and Communications, China); Lu Zhang, Jianghua Wei and Shanguo Huang (Beijing University of Posts and Telecommunications, China)<\/p>\n\n\n\n<p><strong><em>9:52 Redundant Routing Provision in a FlexE-over-WDM Network based on Segment Frame Replication and Elimination<\/em><\/strong><br>Kexin Wu (BUPT(Beijing University of Posts and Telecommunications), China); Jiawei Zhang (Beijing University of Posts &amp; Telecommnication, China); Ji Yuefeng (Beijing University of Posts and Telecommunications, China)<\/p>\n\n\n\n<p><strong><em>10:11 Latency-aware and Survivable Mapping of VNFs in 5G Network Edge Cloud<\/em><\/strong><br>Prabhu Kaliyammal Thiruvasagam and Abhishek Chakraborty (Indian Institute of Technology Madras, India); Siva Ram Murthy C (Indian Institute of Technology Madras, India)<\/p>\n\n\n\n<h4>Wednesday, April 21 10:45 &#8211; 12:30<\/h4>\n\n\n\n<h5><a href=\"https:\/\/www.drcn2021.polimi.it\/program\/industrial-panel\/\"> Industrial Panel <\/a> <\/h5>\n\n\n\n<p><em><strong>Open Solutions for the Next Generation Telecom Infrastructure<\/strong><\/em><\/p>\n\n\n\n<h4>Wednesday, April 21 13:45 &#8211; 14:30 <\/h4>\n\n\n\n<h5><a href=\"https:\/\/www.drcn2021.polimi.it\/program\/keynotes\/\">Main-conference Keynote 3 <\/a> <\/h5>\n\n\n\n<p><strong>Chair<\/strong>: Guido Maier<\/p>\n\n\n\n<p><strong><strong><em>The Janus Bifrons and the Matryoshka: Radio Access Network Architecture for 5G<\/em><\/strong><\/strong><br>Gino Masini, Ericsson AB, Sweden \/ 3GPP RAN3 Chairman<\/p>\n\n\n\n<h4>Wednesday, April 21 14:30 &#8211; 15:45 <\/h4><div id=\"session5\"><\/div>\n\n\n\n<h5>Session 5: Wireless networks and security  <\/h5>\n\n\n\n<p><strong>Chair<\/strong>: Sebastian Troia<\/p>\n\n\n\n<p><strong><em>14:30 Lightweight network interface selection for reliable communications in multi-technologies wireless sensor networks<\/em><\/strong><br>Brandon Foubert (Inria, France); Nathalie Mitton (Inria Lille &#8211; Nord Europe, France)<\/p>\n\n\n\n<p><strong><em>14:48 AI-Powered Real-Time Channel Awareness and 5G NR Radio Access Network Scheduling Optimization<\/em><\/strong><br>Ying Wang (Virginia Polytechnic Institute and State University, USA); Adam Gorski (Virginia Tech &amp; Virginia Tech Applied Research Corporation, USA); Luiz DaSilva (Virginia Tech, USA &amp; Trinity College Dublin, Ireland)<\/p>\n\n\n\n<p><strong><em>15:07 Complexity-Performance Trade-offs in Robust Access Point Clustering for Edge Computing<\/em><\/strong><br>Nour El Houda Yellas (Cnam, France); Selma Boumerdassi (Conservatoire National des Arts et M\u00e9tiers, France); Alberto Ceselli (Universit\u00e0 degli Studi di Milano, Italy); Stefano Secci (Cnam, France)<\/p>\n\n\n\n<p><strong><em>15:26 On the dissemination of Cyber Threat Intelligence through Hyperledger<\/em><\/strong><br>Joanna Moubarak (Potech Labs, P.O.TECH, Lebanon); Carole Bassil (Lebanese University, Lebanon), Joe Antoun (Saint Joseph University of Beirut, Lebanon)&nbsp;<\/p>\n\n\n\n<h4>Wednesday, April 21 16:00 &#8211; 19:00 <\/h4><div id=\"gathersession\"><\/div>\n\n\n\n<h5>Gather.town session and virtual vist to BONSAI Lab of Politecnico di Milano &#8211; DEIB <\/h5>\n\n\n\n<p><strong>Chair<\/strong>: Ligia Moreira Zorello<\/p>\n\n\n\n<hr class=\"wp-block-separator\"\/>\n\n\n\n<h4>Thursday, April 22 9:00 &#8211; 11:00 <\/h4>\n\n\n\n<h5><a href=\"https:\/\/www.drcn2021.polimi.it\/program\/workshops\/workshop-2\/\">Workshop 2 (WIE)  <\/a> <\/h5>\n\n\n\n<p><em><strong>Women in Engineering (Wie) \u2013 The road towards a more diverse post-covid era: challenges and opportunities<\/strong><\/em><\/p>\n\n\n\n<h4>Thursday, April 22 11:20 &#8211; 13:00 <\/h4><div id=\"session6\"><\/div>\n\n\n\n<h5>Session 6: Demo   <\/h5>\n\n\n\n<p><strong>Chair<\/strong>: Giacomo Verticale<\/p>\n\n\n\n<p><strong><em>11:20 Design of Scheduler Plugins for Reliable Function Allocation in Kubernetes<\/em><\/strong><br>Rui Kang, Mengfei Zhu, Fujun He, Takehiro Sato and Eiji Oki (Kyoto University, Japan)<\/p>\n\n\n\n<p><strong><em>11:40 Increasing network reliability by securing SDN communication with QKD<\/em><\/strong><br>Paolo Comi (Italtel, Italy); Paolo Martelli (Politecnico di Milano, Italy); Vicente Martin (Universidad Politecnica de Madrid, Spain); Juan Brito (Center Computational Simulation &#8211; Universidad Politecnica de Madrid, Spain); Alberto Gatto (Politecnico di Milano, Italy); Rub\u00e9n M\u00e9ndez and Rafa Vicente (Universidad Polit\u00e9cnica de Madrid, Spain); Fabrizio Bianchi (Italtel, Italy); Marco Brunero (Cohaerentia, Italy)<\/p>\n\n\n\n<p><strong><em>12:00 Demonstration of Highly Dynamic Satellite Optical Networks Supporting Rapid Reconfiguration<\/em><\/strong><br>Zhuangzhuang Ma, Yongli Zhao, Wei Wang and Jie Zhang (Beijing University of Posts and Telecommunications, China) <\/p>\n\n\n\n<p><strong><em>12:20 Resiliency in SD-WAN with eBPF Monitoring: Municipal Network and Video Streaming Use Cases<\/em><\/strong><br>Sebastian Troia, Marco Mazzara, Ligia Maria Moreira Zorello and Achille Pattavina (Politecnico di Milano, Italy)<\/p>\n\n\n\n<p><strong><em>12:40 User Plane Function Offloading in P4 switches for enhanced 5G Mobile Edge Computing<\/em><\/strong><br>Francesco Paolucci (CNIT, Italy); Davide Scano (Scuola Superiore Sant&#8217;Anna, Italy); Filippo Cugini (CNIT, Italy); Andrea Sgambelluri (Scuola Superiore Sant&#8217;Anna Pisa, Italy); Luca Valcarenghi (Scuola Superiore Sant&#8217;Anna, Italy); Carlo Cavazzoni and Giuseppe Ferraris (Telecom Italia, Italy); Piero Castoldi (Scuola Superiore Sant&#8217;Anna, Italy)<\/p>\n\n\n\n<h4>Thursday, April 22 14:00 &#8211; 17:30 <\/h4>\n\n\n\n<h5><a href=\"https:\/\/www.drcn2021.polimi.it\/program\/workshops\/workshop-3\/\">Workshop 3  <\/a> <\/h5>\n\n\n\n<p><em><strong>Beyond SDN. Programmable data plane: Abstractions, Architectures and Applications<\/strong><\/em><\/p>\n\n\n\n<h5><a href=\"https:\/\/www.drcn2021.polimi.it\/program\/keynotes\/\">Workshop 3 Keynote: 16.45 &#8211; 17.30  <\/a> <\/h5>\n\n\n\n<p><strong><em>When networks are programmable top-down and end-to-end: what then?<\/em><\/strong><br>Nick McKeown, Stanford University \/ Barefoot, USA<\/p>\n\n\n\n<h4>Thursday, April 22 17:30 &#8211; 18:00<\/h4>\n\n\n\n<h5>Closing ceremony<\/h5>\n\n\n\n<p><strong>BEST PAPER AWARD announcement&nbsp;<\/strong><br>Francesco Musumeci (Politecnico di Milano, Italy)&nbsp;<\/p>\n\n\n\n<p><strong>Wrap-up by the DRCN 2021 Chairs&nbsp;<\/strong><br>Guido Maier (Politecnico di Milano, Italy)&nbsp;<\/p>\n\n\n\n<p><strong>Announcements from the DRCN Steering Committee&nbsp;<\/strong><br>Prosper Chemouil (Cnam, France)&nbsp;<\/p>\n","protected":false},"excerpt":{"rendered":"<p>All times CEST (Central European Summer Time) Time\/Day Monday, April 19 Tuesday, April 20 Wednesday, April 21 Thursday, April 22 8:30 &#8211; 9:00 Keynote 2: NTT\u2019s Challenge toward Self-evolving Zero-Touch&hellip; <\/p>\n","protected":false},"author":2,"featured_media":0,"parent":13,"menu_order":0,"comment_status":"closed","ping_status":"closed","template":"","meta":{"footnotes":""},"class_list":["post-976","page","type-page","status-publish","hentry"],"_links":{"self":[{"href":"https:\/\/www.drcn2021.polimi.it\/de\/wp-json\/wp\/v2\/pages\/976","targetHints":{"allow":["GET"]}}],"collection":[{"href":"https:\/\/www.drcn2021.polimi.it\/de\/wp-json\/wp\/v2\/pages"}],"about":[{"href":"https:\/\/www.drcn2021.polimi.it\/de\/wp-json\/wp\/v2\/types\/page"}],"author":[{"embeddable":true,"href":"https:\/\/www.drcn2021.polimi.it\/de\/wp-json\/wp\/v2\/users\/2"}],"replies":[{"embeddable":true,"href":"https:\/\/www.drcn2021.polimi.it\/de\/wp-json\/wp\/v2\/comments?post=976"}],"version-history":[{"count":77,"href":"https:\/\/www.drcn2021.polimi.it\/de\/wp-json\/wp\/v2\/pages\/976\/revisions"}],"predecessor-version":[{"id":1963,"href":"https:\/\/www.drcn2021.polimi.it\/de\/wp-json\/wp\/v2\/pages\/976\/revisions\/1963"}],"up":[{"embeddable":true,"href":"https:\/\/www.drcn2021.polimi.it\/de\/wp-json\/wp\/v2\/pages\/13"}],"wp:attachment":[{"href":"https:\/\/www.drcn2021.polimi.it\/de\/wp-json\/wp\/v2\/media?parent=976"}],"curies":[{"name":"wp","href":"https:\/\/api.w.org\/{rel}","templated":true}]}}